{"id":699,"date":"2021-04-06T15:19:15","date_gmt":"2021-04-06T15:19:15","guid":{"rendered":"https:\/\/panamabl.com\/?page_id=699"},"modified":"2021-04-06T18:14:32","modified_gmt":"2021-04-06T18:14:32","slug":"noticias","status":"publish","type":"page","link":"https:\/\/panamabl.com\/index.php\/noticias\/","title":{"rendered":"Noticias"},"content":{"rendered":"\t\t<div data-elementor-type=\"wp-post\" data-elementor-id=\"699\" class=\"elementor elementor-699\" data-elementor-post-type=\"page\">\n\t\t\t\t\t\t<section class=\"elementor-section elementor-top-section elementor-element elementor-element-7ac9ca5 elementor-section-boxed elementor-section-height-default elementor-section-height-default\" data-id=\"7ac9ca5\" data-element_type=\"section\" data-settings=\"{&quot;background_background&quot;:&quot;classic&quot;,&quot;shape_divider_bottom&quot;:&quot;curve&quot;,&quot;shape_divider_bottom_negative&quot;:&quot;yes&quot;}\">\n\t\t\t\t\t\t\t<div class=\"elementor-background-overlay\"><\/div>\n\t\t\t\t\t\t<div class=\"elementor-shape elementor-shape-bottom\" data-negative=\"true\">\n\t\t\t<svg xmlns=\"http:\/\/www.w3.org\/2000\/svg\" viewBox=\"0 0 1000 100\" preserveAspectRatio=\"none\">\n\t<path class=\"elementor-shape-fill\" d=\"M500,97C126.7,96.3,0.8,19.8,0,0v100l1000,0V1C1000,19.4,873.3,97.8,500,97z\"\/>\n<\/svg>\t\t<\/div>\n\t\t\t\t\t<div class=\"elementor-container elementor-column-gap-default\">\n\t\t\t\t\t<div class=\"elementor-column elementor-col-33 elementor-top-column elementor-element elementor-element-fc40e94\" data-id=\"fc40e94\" data-element_type=\"column\">\n\t\t\t<div class=\"elementor-widget-wrap\">\n\t\t\t\t\t\t\t<\/div>\n\t\t<\/div>\n\t\t\t\t<div class=\"elementor-column elementor-col-33 elementor-top-column elementor-element elementor-element-90988fe\" data-id=\"90988fe\" data-element_type=\"column\">\n\t\t\t<div class=\"elementor-widget-wrap elementor-element-populated\">\n\t\t\t\t\t\t<div class=\"elementor-element elementor-element-4a1c612 elementor-widget elementor-widget-heading\" data-id=\"4a1c612\" data-element_type=\"widget\" data-widget_type=\"heading.default\">\n\t\t\t\t<div class=\"elementor-widget-container\">\n\t\t\t<h1 class=\"elementor-heading-title elementor-size-default\">NOTICIAS<\/h1>\t\t<\/div>\n\t\t\t\t<\/div>\n\t\t\t\t\t<\/div>\n\t\t<\/div>\n\t\t\t\t<div class=\"elementor-column elementor-col-33 elementor-top-column elementor-element elementor-element-919f5c1\" data-id=\"919f5c1\" data-element_type=\"column\">\n\t\t\t<div class=\"elementor-widget-wrap\">\n\t\t\t\t\t\t\t<\/div>\n\t\t<\/div>\n\t\t\t\t\t<\/div>\n\t\t<\/section>\n\t\t\t\t<section class=\"elementor-section elementor-top-section elementor-element elementor-element-fa8f232 elementor-section-boxed elementor-section-height-default elementor-section-height-default\" data-id=\"fa8f232\" data-element_type=\"section\">\n\t\t\t\t\t\t<div class=\"elementor-container elementor-column-gap-default\">\n\t\t\t\t\t<div class=\"elementor-column elementor-col-100 elementor-top-column elementor-element elementor-element-bd7dcd6\" data-id=\"bd7dcd6\" data-element_type=\"column\">\n\t\t\t<div class=\"elementor-widget-wrap\">\n\t\t\t\t\t\t\t<\/div>\n\t\t<\/div>\n\t\t\t\t\t<\/div>\n\t\t<\/section>\n\t\t\t\t<section class=\"elementor-section elementor-top-section elementor-element elementor-element-cc631ba elementor-section-boxed elementor-section-height-default elementor-section-height-default\" data-id=\"cc631ba\" data-element_type=\"section\">\n\t\t\t\t\t\t<div class=\"elementor-container elementor-column-gap-default\">\n\t\t\t\t\t<div class=\"elementor-column elementor-col-100 elementor-top-column elementor-element elementor-element-236a12f\" data-id=\"236a12f\" data-element_type=\"column\">\n\t\t\t<div class=\"elementor-widget-wrap elementor-element-populated\">\n\t\t\t\t\t\t<div class=\"elementor-element elementor-element-01eae9d elementor-grid-3 elementor-grid-tablet-2 elementor-grid-mobile-1 elementor-posts--thumbnail-top elementor-widget elementor-widget-posts\" data-id=\"01eae9d\" data-element_type=\"widget\" data-settings=\"{&quot;classic_columns&quot;:&quot;3&quot;,&quot;classic_columns_tablet&quot;:&quot;2&quot;,&quot;classic_columns_mobile&quot;:&quot;1&quot;,&quot;classic_row_gap&quot;:{&quot;unit&quot;:&quot;px&quot;,&quot;size&quot;:35,&quot;sizes&quot;:[]},&quot;classic_row_gap_tablet&quot;:{&quot;unit&quot;:&quot;px&quot;,&quot;size&quot;:&quot;&quot;,&quot;sizes&quot;:[]},&quot;classic_row_gap_mobile&quot;:{&quot;unit&quot;:&quot;px&quot;,&quot;size&quot;:&quot;&quot;,&quot;sizes&quot;:[]}}\" data-widget_type=\"posts.classic\">\n\t\t\t\t<div class=\"elementor-widget-container\">\n\t\t\t\t\t<div class=\"elementor-posts-container elementor-posts elementor-posts--skin-classic elementor-grid\">\n\t\t\t\t<article class=\"elementor-post elementor-grid-item post-857 post type-post status-publish format-standard has-post-thumbnail hentry category-sin-categoria\">\n\t\t\t\t<a class=\"elementor-post__thumbnail__link\" href=\"https:\/\/panamabl.com\/index.php\/2021\/07\/28\/panama-actualiza-requisitos-migratorios-y-facilita-la-residencia-a-nacionales-de-peru\/\" tabindex=\"-1\" >\n\t\t\t<div class=\"elementor-post__thumbnail\"><img fetchpriority=\"high\" decoding=\"async\" width=\"300\" height=\"169\" src=\"https:\/\/panamabl.com\/wp-content\/uploads\/2021\/07\/abogado-panama-15-paises-amigos-panama-w847-300x169.jpg\" class=\"attachment-medium size-medium wp-image-849\" alt=\"\" srcset=\"https:\/\/panamabl.com\/wp-content\/uploads\/2021\/07\/abogado-panama-15-paises-amigos-panama-w847-300x169.jpg 300w, https:\/\/panamabl.com\/wp-content\/uploads\/2021\/07\/abogado-panama-15-paises-amigos-panama-w847-768x433.jpg 768w, https:\/\/panamabl.com\/wp-content\/uploads\/2021\/07\/abogado-panama-15-paises-amigos-panama-w847.jpg 847w\" sizes=\"(max-width: 300px) 100vw, 300px\" \/><\/div>\n\t\t<\/a>\n\t\t\t\t<div class=\"elementor-post__text\">\n\t\t\t\t<h3 class=\"elementor-post__title\">\n\t\t\t<a href=\"https:\/\/panamabl.com\/index.php\/2021\/07\/28\/panama-actualiza-requisitos-migratorios-y-facilita-la-residencia-a-nacionales-de-peru\/\" >\n\t\t\t\tPANAM\u00c1 ACTUALIZA REQUISITOS MIGRATORIOS Y FACILITA LA RESIDENCIA A NACIONALES DE PER\u00da.\t\t\t<\/a>\n\t\t<\/h3>\n\t\t\t\t<div class=\"elementor-post__meta-data\">\n\t\t\t\t\t<span class=\"elementor-post-date\">\n\t\t\t28 de July de 2021\t\t<\/span>\n\t\t\t\t<span class=\"elementor-post-avatar\">\n\t\t\tNo Comments\t\t<\/span>\n\t\t\t\t<\/div>\n\t\t\t\t<div class=\"elementor-post__excerpt\">\n\t\t\t<p>Dentro de las categor\u00edas migratorias contempladas por la legislaci\u00f3n paname\u00f1a para obtener una residencia permanente, se encuentra la muy conocida de &#8220;Pa\u00edses Amigos&#8221;, la cual<\/p>\n\t\t<\/div>\n\t\t\n\t\t<a class=\"elementor-post__read-more\" href=\"https:\/\/panamabl.com\/index.php\/2021\/07\/28\/panama-actualiza-requisitos-migratorios-y-facilita-la-residencia-a-nacionales-de-peru\/\" aria-label=\"Read more about PANAM\u00c1 ACTUALIZA REQUISITOS MIGRATORIOS Y FACILITA LA RESIDENCIA A NACIONALES DE PER\u00da.\" tabindex=\"-1\" >\n\t\t\tLeer noticia \u00bb\t\t<\/a>\n\n\t\t\t\t<\/div>\n\t\t\t\t<\/article>\n\t\t\t\t<article class=\"elementor-post elementor-grid-item post-825 post type-post status-publish format-standard has-post-thumbnail hentry category-sin-categoria\">\n\t\t\t\t<a class=\"elementor-post__thumbnail__link\" href=\"https:\/\/panamabl.com\/index.php\/2021\/05\/29\/panama-se-consolida-como-el-hub-integral-de-inversiones-de-la-region\/\" tabindex=\"-1\" >\n\t\t\t<div class=\"elementor-post__thumbnail\"><img decoding=\"async\" width=\"300\" height=\"200\" src=\"https:\/\/panamabl.com\/wp-content\/uploads\/2021\/05\/pexels-luis-quintero-2146686-300x200.jpg\" class=\"attachment-medium size-medium wp-image-802\" alt=\"\" srcset=\"https:\/\/panamabl.com\/wp-content\/uploads\/2021\/05\/pexels-luis-quintero-2146686-300x200.jpg 300w, https:\/\/panamabl.com\/wp-content\/uploads\/2021\/05\/pexels-luis-quintero-2146686-1024x683.jpg 1024w, https:\/\/panamabl.com\/wp-content\/uploads\/2021\/05\/pexels-luis-quintero-2146686-768x512.jpg 768w, https:\/\/panamabl.com\/wp-content\/uploads\/2021\/05\/pexels-luis-quintero-2146686-1536x1024.jpg 1536w, https:\/\/panamabl.com\/wp-content\/uploads\/2021\/05\/pexels-luis-quintero-2146686-2048x1365.jpg 2048w\" sizes=\"(max-width: 300px) 100vw, 300px\" \/><\/div>\n\t\t<\/a>\n\t\t\t\t<div class=\"elementor-post__text\">\n\t\t\t\t<h3 class=\"elementor-post__title\">\n\t\t\t<a href=\"https:\/\/panamabl.com\/index.php\/2021\/05\/29\/panama-se-consolida-como-el-hub-integral-de-inversiones-de-la-region\/\" >\n\t\t\t\tPANAM\u00c1 SE CONSOLIDA COMO EL &#8220;HUB&#8221; INTEGRAL DE INVERSIONES DE LA REGI\u00d3N.\t\t\t<\/a>\n\t\t<\/h3>\n\t\t\t\t<div class=\"elementor-post__meta-data\">\n\t\t\t\t\t<span class=\"elementor-post-date\">\n\t\t\t29 de May de 2021\t\t<\/span>\n\t\t\t\t<span class=\"elementor-post-avatar\">\n\t\t\tNo Comments\t\t<\/span>\n\t\t\t\t<\/div>\n\t\t\t\t<div class=\"elementor-post__excerpt\">\n\t\t\t<p>Definitivamente la posici\u00f3n geogr\u00e1fica privilegiada del pa\u00eds lo ha llevado a ser un HUB del comercio de la regi\u00f3n e incluso global, gracias a la<\/p>\n\t\t<\/div>\n\t\t\n\t\t<a class=\"elementor-post__read-more\" href=\"https:\/\/panamabl.com\/index.php\/2021\/05\/29\/panama-se-consolida-como-el-hub-integral-de-inversiones-de-la-region\/\" aria-label=\"Read more about PANAM\u00c1 SE CONSOLIDA COMO EL &#8220;HUB&#8221; INTEGRAL DE INVERSIONES DE LA REGI\u00d3N.\" tabindex=\"-1\" >\n\t\t\tLeer noticia \u00bb\t\t<\/a>\n\n\t\t\t\t<\/div>\n\t\t\t\t<\/article>\n\t\t\t\t<article class=\"elementor-post elementor-grid-item post-816 post type-post status-publish format-standard has-post-thumbnail hentry category-sin-categoria\">\n\t\t\t\t<a class=\"elementor-post__thumbnail__link\" href=\"https:\/\/panamabl.com\/index.php\/2021\/05\/29\/incumplimientos-de-las-prorrogas-de-suspension-o-reactivacion-de-contratos-de-trabajo\/\" tabindex=\"-1\" >\n\t\t\t<div class=\"elementor-post__thumbnail\"><img decoding=\"async\" width=\"300\" height=\"200\" src=\"https:\/\/panamabl.com\/wp-content\/uploads\/2021\/05\/pexels-field-engineer-442151-300x200.jpg\" class=\"attachment-medium size-medium wp-image-819\" alt=\"\" srcset=\"https:\/\/panamabl.com\/wp-content\/uploads\/2021\/05\/pexels-field-engineer-442151-300x200.jpg 300w, https:\/\/panamabl.com\/wp-content\/uploads\/2021\/05\/pexels-field-engineer-442151-1024x683.jpg 1024w, https:\/\/panamabl.com\/wp-content\/uploads\/2021\/05\/pexels-field-engineer-442151-768x512.jpg 768w, https:\/\/panamabl.com\/wp-content\/uploads\/2021\/05\/pexels-field-engineer-442151-1536x1024.jpg 1536w, https:\/\/panamabl.com\/wp-content\/uploads\/2021\/05\/pexels-field-engineer-442151-2048x1365.jpg 2048w\" sizes=\"(max-width: 300px) 100vw, 300px\" \/><\/div>\n\t\t<\/a>\n\t\t\t\t<div class=\"elementor-post__text\">\n\t\t\t\t<h3 class=\"elementor-post__title\">\n\t\t\t<a href=\"https:\/\/panamabl.com\/index.php\/2021\/05\/29\/incumplimientos-de-las-prorrogas-de-suspension-o-reactivacion-de-contratos-de-trabajo\/\" >\n\t\t\t\tINCUMPLIMIENTO DE LAS SOLICITUDES DE PRORROGAS DE SUSPENSION O REACTIVACION DE LOS CONTRATOS DE TRABAJO.\t\t\t<\/a>\n\t\t<\/h3>\n\t\t\t\t<div class=\"elementor-post__meta-data\">\n\t\t\t\t\t<span class=\"elementor-post-date\">\n\t\t\t29 de May de 2021\t\t<\/span>\n\t\t\t\t<span class=\"elementor-post-avatar\">\n\t\t\tNo Comments\t\t<\/span>\n\t\t\t\t<\/div>\n\t\t\t\t<div class=\"elementor-post__excerpt\">\n\t\t\t<p>Esta semana el Ministerio de Trabajo y Desarrollo Laboral emiti\u00f3 un comunicado con un listado de empresas o empleadores que, luego de una exhaustiva verificaci\u00f3n,<\/p>\n\t\t<\/div>\n\t\t\n\t\t<a class=\"elementor-post__read-more\" href=\"https:\/\/panamabl.com\/index.php\/2021\/05\/29\/incumplimientos-de-las-prorrogas-de-suspension-o-reactivacion-de-contratos-de-trabajo\/\" aria-label=\"Read more about INCUMPLIMIENTO DE LAS SOLICITUDES DE PRORROGAS DE SUSPENSION O REACTIVACION DE LOS CONTRATOS DE TRABAJO.\" tabindex=\"-1\" >\n\t\t\tLeer noticia \u00bb\t\t<\/a>\n\n\t\t\t\t<\/div>\n\t\t\t\t<\/article>\n\t\t\t\t<article class=\"elementor-post elementor-grid-item post-801 post type-post status-publish format-standard has-post-thumbnail hentry category-sin-categoria\">\n\t\t\t\t<a class=\"elementor-post__thumbnail__link\" href=\"https:\/\/panamabl.com\/index.php\/2021\/05\/21\/previsiones-que-no-son-casualidad\/\" tabindex=\"-1\" >\n\t\t\t<div class=\"elementor-post__thumbnail\"><img loading=\"lazy\" decoding=\"async\" width=\"300\" height=\"200\" src=\"https:\/\/panamabl.com\/wp-content\/uploads\/2021\/05\/pexels-luis-quintero-2666249-300x200.jpg\" class=\"attachment-medium size-medium wp-image-804\" alt=\"\" srcset=\"https:\/\/panamabl.com\/wp-content\/uploads\/2021\/05\/pexels-luis-quintero-2666249-300x200.jpg 300w, https:\/\/panamabl.com\/wp-content\/uploads\/2021\/05\/pexels-luis-quintero-2666249-1024x683.jpg 1024w, https:\/\/panamabl.com\/wp-content\/uploads\/2021\/05\/pexels-luis-quintero-2666249-768x512.jpg 768w, https:\/\/panamabl.com\/wp-content\/uploads\/2021\/05\/pexels-luis-quintero-2666249-1536x1024.jpg 1536w, https:\/\/panamabl.com\/wp-content\/uploads\/2021\/05\/pexels-luis-quintero-2666249-2048x1365.jpg 2048w\" sizes=\"(max-width: 300px) 100vw, 300px\" \/><\/div>\n\t\t<\/a>\n\t\t\t\t<div class=\"elementor-post__text\">\n\t\t\t\t<h3 class=\"elementor-post__title\">\n\t\t\t<a href=\"https:\/\/panamabl.com\/index.php\/2021\/05\/21\/previsiones-que-no-son-casualidad\/\" >\n\t\t\t\tPREVISIONES QUE NO SON CASUALIDAD\t\t\t<\/a>\n\t\t<\/h3>\n\t\t\t\t<div class=\"elementor-post__meta-data\">\n\t\t\t\t\t<span class=\"elementor-post-date\">\n\t\t\t21 de May de 2021\t\t<\/span>\n\t\t\t\t<span class=\"elementor-post-avatar\">\n\t\t\tNo Comments\t\t<\/span>\n\t\t\t\t<\/div>\n\t\t\t\t<div class=\"elementor-post__excerpt\">\n\t\t\t<p>Durante el \u00faltimo a\u00f1o, todos los pa\u00edses del mundo se han visto afectados por el mismo motivo ya conocido, entendido y enfrentado por todos, la<\/p>\n\t\t<\/div>\n\t\t\n\t\t<a class=\"elementor-post__read-more\" href=\"https:\/\/panamabl.com\/index.php\/2021\/05\/21\/previsiones-que-no-son-casualidad\/\" aria-label=\"Read more about PREVISIONES QUE NO SON CASUALIDAD\" tabindex=\"-1\" >\n\t\t\tLeer noticia \u00bb\t\t<\/a>\n\n\t\t\t\t<\/div>\n\t\t\t\t<\/article>\n\t\t\t\t<article class=\"elementor-post elementor-grid-item post-776 post type-post status-publish format-standard has-post-thumbnail hentry category-sin-categoria\">\n\t\t\t\t<a class=\"elementor-post__thumbnail__link\" href=\"https:\/\/panamabl.com\/index.php\/2021\/05\/04\/un-centro-de-comercio-mundial-en-el-centro-del-mundo\/\" tabindex=\"-1\" >\n\t\t\t<div class=\"elementor-post__thumbnail\"><img loading=\"lazy\" decoding=\"async\" width=\"300\" height=\"204\" src=\"https:\/\/panamabl.com\/wp-content\/uploads\/2021\/05\/img03-300x204.jpg\" class=\"attachment-medium size-medium wp-image-787\" alt=\"\" srcset=\"https:\/\/panamabl.com\/wp-content\/uploads\/2021\/05\/img03-300x204.jpg 300w, https:\/\/panamabl.com\/wp-content\/uploads\/2021\/05\/img03-1024x698.jpg 1024w, https:\/\/panamabl.com\/wp-content\/uploads\/2021\/05\/img03-768x523.jpg 768w, https:\/\/panamabl.com\/wp-content\/uploads\/2021\/05\/img03-1536x1047.jpg 1536w, https:\/\/panamabl.com\/wp-content\/uploads\/2021\/05\/img03-2048x1396.jpg 2048w\" sizes=\"(max-width: 300px) 100vw, 300px\" \/><\/div>\n\t\t<\/a>\n\t\t\t\t<div class=\"elementor-post__text\">\n\t\t\t\t<h3 class=\"elementor-post__title\">\n\t\t\t<a href=\"https:\/\/panamabl.com\/index.php\/2021\/05\/04\/un-centro-de-comercio-mundial-en-el-centro-del-mundo\/\" >\n\t\t\t\tPANAM\u00c1, \u201cUN CENTRO DE COMERCIO MUNDIAL EN EL CENTRO DEL MUNDO\u201d.\t\t\t<\/a>\n\t\t<\/h3>\n\t\t\t\t<div class=\"elementor-post__meta-data\">\n\t\t\t\t\t<span class=\"elementor-post-date\">\n\t\t\t4 de May de 2021\t\t<\/span>\n\t\t\t\t<span class=\"elementor-post-avatar\">\n\t\t\tNo Comments\t\t<\/span>\n\t\t\t\t<\/div>\n\t\t\t\t<div class=\"elementor-post__excerpt\">\n\t\t\t<p>Desde hace varios a\u00f1os, Panam\u00e1 ha ido adecuando su legislaci\u00f3n con miras a dejar de ser solamente un pa\u00eds de tr\u00e1nsito para el comercio mundial<\/p>\n\t\t<\/div>\n\t\t\n\t\t<a class=\"elementor-post__read-more\" href=\"https:\/\/panamabl.com\/index.php\/2021\/05\/04\/un-centro-de-comercio-mundial-en-el-centro-del-mundo\/\" aria-label=\"Read more about PANAM\u00c1, \u201cUN CENTRO DE COMERCIO MUNDIAL EN EL CENTRO DEL MUNDO\u201d.\" tabindex=\"-1\" >\n\t\t\tLeer noticia \u00bb\t\t<\/a>\n\n\t\t\t\t<\/div>\n\t\t\t\t<\/article>\n\t\t\t\t<\/div>\n\t\t\n\t\t\t\t<\/div>\n\t\t\t\t<\/div>\n\t\t\t\t\t<\/div>\n\t\t<\/div>\n\t\t\t\t\t<\/div>\n\t\t<\/section>\n\t\t\t\t<\/div>\n\t\t","protected":false},"excerpt":{"rendered":"<p>NOTICIAS<\/p>\n","protected":false},"author":1,"featured_media":0,"parent":0,"menu_order":0,"comment_status":"closed","ping_status":"closed","template":"","meta":{"footnotes":""},"class_list":["post-699","page","type-page","status-publish","hentry"],"_links":{"self":[{"href":"https:\/\/panamabl.com\/index.php\/wp-json\/wp\/v2\/pages\/699","targetHints":{"allow":["GET"]}}],"collection":[{"href":"https:\/\/panamabl.com\/index.php\/wp-json\/wp\/v2\/pages"}],"about":[{"href":"https:\/\/panamabl.com\/index.php\/wp-json\/wp\/v2\/types\/page"}],"author":[{"embeddable":true,"href":"https:\/\/panamabl.com\/index.php\/wp-json\/wp\/v2\/users\/1"}],"replies":[{"embeddable":true,"href":"https:\/\/panamabl.com\/index.php\/wp-json\/wp\/v2\/comments?post=699"}],"version-history":[{"count":5,"href":"https:\/\/panamabl.com\/index.php\/wp-json\/wp\/v2\/pages\/699\/revisions"}],"predecessor-version":[{"id":707,"href":"https:\/\/panamabl.com\/index.php\/wp-json\/wp\/v2\/pages\/699\/revisions\/707"}],"wp:attachment":[{"href":"https:\/\/panamabl.com\/index.php\/wp-json\/wp\/v2\/media?parent=699"}],"curies":[{"name":"wp","href":"https:\/\/api.w.org\/{rel}","templated":true}]}}